{"id":12,"date":"2025-07-07T09:12:30","date_gmt":"2025-07-07T09:12:30","guid":{"rendered":"https:\/\/laughing-swanson.91-200-103-154.plesk.page\/?page_id=12"},"modified":"2025-09-04T14:56:37","modified_gmt":"2025-09-04T14:56:37","slug":"elementor-12","status":"publish","type":"page","link":"https:\/\/laughing-swanson.91-200-103-154.plesk.page\/","title":{"rendered":"Home"},"content":{"rendered":"\t\t<div data-elementor-type=\"wp-page\" data-elementor-id=\"12\" class=\"elementor elementor-12\" data-elementor-post-type=\"page\">\n\t\t\t\t<div class=\"elementor-element elementor-element-3cd9348 e-con-full e-flex e-con e-parent\" data-id=\"3cd9348\" data-element_type=\"container\">\n\t\t<div class=\"elementor-element elementor-element-0f60632 e-con-full e-flex e-con e-child\" data-id=\"0f60632\" data-element_type=\"container\" data-settings=\"{&quot;background_background&quot;:&quot;classic&quot;}\">\n\t\t\t\t<\/div>\n\t\t<div class=\"elementor-element elementor-element-90ebcb9 e-con-full e-flex e-con e-child\" data-id=\"90ebcb9\" data-element_type=\"container\">\n\t\t<div class=\"elementor-element elementor-element-5fbe852 e-con-full e-flex e-con e-child\" data-id=\"5fbe852\" data-element_type=\"container\" data-settings=\"{&quot;background_background&quot;:&quot;classic&quot;}\">\n\t\t\t\t<div class=\"elementor-element elementor-element-3300f8a elementor-widget elementor-widget-heading\" data-id=\"3300f8a\" data-element_type=\"widget\" data-widget_type=\"heading.default\">\n\t\t\t\t\t<h2 class=\"elementor-heading-title elementor-size-default\">Weil Gesundheit kein R\u00e4stel bleiben darf.<\/h2>\t\t\t\t<\/div>\n\t\t\t\t<div class=\"elementor-element elementor-element-2d832a8 elementor-widget elementor-widget-text-editor\" data-id=\"2d832a8\" data-element_type=\"widget\" data-widget_type=\"text-editor.default\">\n\t\t\t\t\t\t\t\t\t<p>Manche Beschwerden lassen sich nicht in f\u00fcnf Minuten kl\u00e4ren \u2013 und genau hier setzt meine Arbeit an. Zusammen gehen wir den Ursachen auf den Grund, mit Verstand und einem systematischen Blick auf den ganzen Menschen.<br \/>Gemeinsam finden wir Antworten \u2013 und den passenden Weg zur Heilung.<\/p>\t\t\t\t\t\t\t\t<\/div>\n\t\t\t\t<\/div>\n\t\t<div class=\"elementor-element elementor-element-b68ff08 e-con-full e-flex e-con e-child\" data-id=\"b68ff08\" data-element_type=\"container\">\n\t\t\t\t<div class=\"elementor-element elementor-element-6c9d322 elementor-widget elementor-widget-text-editor\" data-id=\"6c9d322\" data-element_type=\"widget\" data-widget_type=\"text-editor.default\">\n\t\t\t\t\t\t\t\t\t<p>Sie ben\u00f6tigen einen Termin?<\/p>\t\t\t\t\t\t\t\t<\/div>\n\t\t\t\t<div class=\"elementor-element elementor-element-52a8973 elementor-align-center elementor-widget elementor-widget-button\" data-id=\"52a8973\" data-element_type=\"widget\" data-widget_type=\"button.default\">\n\t\t\t\t\t\t\t\t\t\t<a class=\"elementor-button elementor-button-link elementor-size-sm\" href=\"#\">\n\t\t\t\t\t\t<span class=\"elementor-button-content-wrapper\">\n\t\t\t\t\t\t\t\t\t<span class=\"elementor-button-text\">Termin buchen<\/span>\n\t\t\t\t\t<\/span>\n\t\t\t\t\t<\/a>\n\t\t\t\t\t\t\t\t<\/div>\n\t\t\t\t<\/div>\n\t\t\t\t<\/div>\n\t\t\t\t<\/div>\n\t\t<div class=\"elementor-element elementor-element-6915206 e-flex e-con-boxed e-con e-parent\" data-id=\"6915206\" data-element_type=\"container\" data-settings=\"{&quot;background_background&quot;:&quot;classic&quot;}\">\n\t\t\t\t\t<div class=\"e-con-inner\">\n\t\t\t\t<div class=\"elementor-element elementor-element-dd84195 elementor-widget elementor-widget-heading\" data-id=\"dd84195\" data-element_type=\"widget\" data-widget_type=\"heading.default\">\n\t\t\t\t\t<h2 class=\"elementor-heading-title elementor-size-default\">Was zeichnet meine Praxis aus?<\/h2>\t\t\t\t<\/div>\n\t\t\t\t<div class=\"elementor-element elementor-element-fa1a16f elementor--h-position-center elementor--v-position-middle elementor-pagination-position-inside elementor-widget elementor-widget-slides\" data-id=\"fa1a16f\" data-element_type=\"widget\" data-settings=\"{&quot;navigation&quot;:&quot;dots&quot;,&quot;autoplay&quot;:&quot;yes&quot;,&quot;pause_on_hover&quot;:&quot;yes&quot;,&quot;pause_on_interaction&quot;:&quot;yes&quot;,&quot;autoplay_speed&quot;:5000,&quot;infinite&quot;:&quot;yes&quot;,&quot;transition&quot;:&quot;slide&quot;,&quot;transition_speed&quot;:500}\" data-widget_type=\"slides.default\">\n\t\t\t\t\t\t\t\t\t\t<div class=\"elementor-slides-wrapper elementor-main-swiper swiper\" role=\"region\" aria-roledescription=\"carousel\" aria-label=\"Slider\" dir=\"ltr\" data-animation=\"fadeInUp\">\n\t\t\t\t<div class=\"swiper-wrapper elementor-slides\">\n\t\t\t\t\t\t\t\t\t\t<div class=\"elementor-repeater-item-272f0c0 swiper-slide\" role=\"group\" aria-roledescription=\"slide\"><div class=\"swiper-slide-bg\" role=\"img\"><\/div><div class=\"swiper-slide-inner\" ><div class=\"swiper-slide-contents\"><div class=\"elementor-slide-heading\">Professionalit\u00e4t<\/div><div class=\"elementor-slide-description\">In meiner Praxis wird ausschlie\u00dflich mit evidenzbasierten Methoden gearbeitet. Stetig befinde ich mich in Weiterbildungsma\u00dfnahmen um auch weiterhin auf dem neuesten Stand der Medizin zu bleiben.<\/div><div  class=\"elementor-button elementor-slide-button elementor-size-sm\">Mehr lesen<\/div><\/div><\/div><\/div><div class=\"elementor-repeater-item-36f2741 swiper-slide\" role=\"group\" aria-roledescription=\"slide\"><div class=\"swiper-slide-bg\" role=\"img\"><\/div><div class=\"swiper-slide-inner\" ><div class=\"swiper-slide-contents\"><div class=\"elementor-slide-heading\">Respekt<\/div><div class=\"elementor-slide-description\">Chronische Leiden schr\u00e4nken unser Leben stark ein. Die Symptome sind meist unsichtbar und damit oft auch die Betroffenen. In meiner Praxis werde ich meine Patienten und die Symptome immer ernst nehmen.<\/div><div  class=\"elementor-button elementor-slide-button elementor-size-sm\">Mehr lesen<\/div><\/div><\/div><\/div><div class=\"elementor-repeater-item-8b0907f swiper-slide\" role=\"group\" aria-roledescription=\"slide\"><div class=\"swiper-slide-bg\" role=\"img\"><\/div><div class=\"swiper-slide-inner\" ><div class=\"swiper-slide-contents\"><div class=\"elementor-slide-heading\">Zusammenarbeit<\/div><div class=\"elementor-slide-description\">Patienten und Therapeuten bilden ein Team. Zusammen gehen wir auf Spurensuche um die Ursache Ihrer Beschwerden herauszufinden. \"Das habe ich im Internet gelesen\" ist bei mir erlaubt und willkommen.<\/div><div  class=\"elementor-button elementor-slide-button elementor-size-sm\">Mehr lesen<\/div><\/div><\/div><\/div>\t\t\t\t<\/div>\n\t\t\t\t\t\t\t\t\t\t\t\t\t\t\t\t\t\t\t\t<div class=\"swiper-pagination\"><\/div>\n\t\t\t\t\t\t\t\t\t\t\t\t<\/div>\n\t\t\t\t\t\t\t\t<\/div>\n\t\t\t\t\t<\/div>\n\t\t\t\t<\/div>\n\t\t<div class=\"elementor-element elementor-element-23de323 e-con-full e-flex e-con e-parent\" data-id=\"23de323\" data-element_type=\"container\">\n\t\t<div class=\"elementor-element elementor-element-8947123 e-grid e-con-boxed e-con e-child\" data-id=\"8947123\" data-element_type=\"container\">\n\t\t\t\t\t<div class=\"e-con-inner\">\n\t\t\t\t<div class=\"elementor-element elementor-element-a6e0613 elementor-widget elementor-widget-heading\" data-id=\"a6e0613\" data-element_type=\"widget\" data-widget_type=\"heading.default\">\n\t\t\t\t\t<h2 class=\"elementor-heading-title elementor-size-default\">Termine<\/h2>\t\t\t\t<\/div>\n\t\t<div class=\"elementor-element elementor-element-97bf430 e-con-full e-flex e-con e-child\" data-id=\"97bf430\" data-element_type=\"container\">\n\t\t\t\t<div class=\"elementor-element elementor-element-d97139d elementor-widget elementor-widget-text-editor\" data-id=\"d97139d\" data-element_type=\"widget\" data-widget_type=\"text-editor.default\">\n\t\t\t\t\t\t\t\t\t<div class=\"es8pX\"><div class=\"tbwcj\"><div class=\"sTtmz\" data-testid=\"static-text-element\"><div class=\"css-zer6ms hcw3J\"><div class=\"\"><p><span style=\"font-size: 16px;\">Buchen Sie Ihren Termin gleich online!<\/span><\/p><\/div><\/div><\/div><\/div><\/div>\t\t\t\t\t\t\t\t<\/div>\n\t\t\t\t<div class=\"elementor-element elementor-element-7b503c6 elementor-widget elementor-widget-button\" data-id=\"7b503c6\" data-element_type=\"widget\" data-widget_type=\"button.default\">\n\t\t\t\t\t\t\t\t\t\t<a class=\"elementor-button elementor-button-link elementor-size-sm\" href=\"#\">\n\t\t\t\t\t\t<span class=\"elementor-button-content-wrapper\">\n\t\t\t\t\t\t\t\t\t<span class=\"elementor-button-text\">Jetzt buchen<\/span>\n\t\t\t\t\t<\/span>\n\t\t\t\t\t<\/a>\n\t\t\t\t\t\t\t\t<\/div>\n\t\t\t\t<\/div>\n\t\t\t\t\t<\/div>\n\t\t\t\t<\/div>\n\t\t\t\t<div class=\"elementor-element elementor-element-b13b0c3 elementor-widget elementor-widget-image\" data-id=\"b13b0c3\" data-element_type=\"widget\" data-widget_type=\"image.default\">\n\t\t\t\t\t\t\t\t\t\t\t\t\t\t\t<img fetchpriority=\"high\" decoding=\"async\" width=\"800\" height=\"343\" src=\"https:\/\/laughing-swanson.91-200-103-154.plesk.page\/wp-content\/uploads\/2025\/07\/AdobeStock_1257285302-1024x439.jpeg\" class=\"attachment-large size-large wp-image-903\" alt=\"\" srcset=\"https:\/\/laughing-swanson.91-200-103-154.plesk.page\/wp-content\/uploads\/2025\/07\/AdobeStock_1257285302-1024x439.jpeg 1024w, https:\/\/laughing-swanson.91-200-103-154.plesk.page\/wp-content\/uploads\/2025\/07\/AdobeStock_1257285302-300x129.jpeg 300w, https:\/\/laughing-swanson.91-200-103-154.plesk.page\/wp-content\/uploads\/2025\/07\/AdobeStock_1257285302-768x329.jpeg 768w, https:\/\/laughing-swanson.91-200-103-154.plesk.page\/wp-content\/uploads\/2025\/07\/AdobeStock_1257285302-1536x658.jpeg 1536w, https:\/\/laughing-swanson.91-200-103-154.plesk.page\/wp-content\/uploads\/2025\/07\/AdobeStock_1257285302-2048x878.jpeg 2048w\" sizes=\"(max-width: 800px) 100vw, 800px\" \/>\t\t\t\t\t\t\t\t\t\t\t\t\t\t\t<\/div>\n\t\t\t\t<\/div>\n\t\t<div class=\"elementor-element elementor-element-7658c03 e-flex e-con-boxed e-con e-parent\" data-id=\"7658c03\" data-element_type=\"container\" data-settings=\"{&quot;background_background&quot;:&quot;classic&quot;}\">\n\t\t\t\t\t<div class=\"e-con-inner\">\n\t\t\t\t<div class=\"elementor-element elementor-element-80977d8 elementor-widget elementor-widget-heading\" data-id=\"80977d8\" data-element_type=\"widget\" data-widget_type=\"heading.default\">\n\t\t\t\t\t<h2 class=\"elementor-heading-title elementor-size-default\">PRAXIS MEDICA<\/h2>\t\t\t\t<\/div>\n\t\t\t\t<div class=\"elementor-element elementor-element-171327a elementor-widget elementor-widget-google_maps\" data-id=\"171327a\" data-element_type=\"widget\" data-widget_type=\"google_maps.default\">\n\t\t\t\t\t\t\t<div class=\"elementor-custom-embed\">\n\t\t\t<iframe loading=\"lazy\"\n\t\t\t\t\tsrc=\"https:\/\/maps.google.com\/maps?q=K%C3%B6nigstra%C3%9Fe%2017%2C%2057334%20Bd%20Laasphe%2C%20Deutschland&#038;t=m&#038;z=10&#038;output=embed&#038;iwloc=near\"\n\t\t\t\t\ttitle=\"K\u00f6nigstra\u00dfe 17, 57334 Bd Laasphe, Deutschland\"\n\t\t\t\t\taria-label=\"K\u00f6nigstra\u00dfe 17, 57334 Bd Laasphe, Deutschland\"\n\t\t\t><\/iframe>\n\t\t<\/div>\n\t\t\t\t\t\t<\/div>\n\t\t<div class=\"elementor-element elementor-element-b541e5b e-grid e-con-full e-con e-child\" data-id=\"b541e5b\" data-element_type=\"container\">\n\t\t<div class=\"elementor-element elementor-element-0278f94 e-con-full e-flex e-con e-child\" data-id=\"0278f94\" data-element_type=\"container\">\n\t\t\t\t<div class=\"elementor-element elementor-element-698a996 elementor-widget elementor-widget-heading\" data-id=\"698a996\" data-element_type=\"widget\" data-widget_type=\"heading.default\">\n\t\t\t\t\t<h3 class=\"elementor-heading-title elementor-size-default\">Kontakt<\/h3>\t\t\t\t<\/div>\n\t\t\t\t<div class=\"elementor-element elementor-element-08d076a elementor-widget elementor-widget-text-editor\" data-id=\"08d076a\" data-element_type=\"widget\" data-widget_type=\"text-editor.default\">\n\t\t\t\t\t\t\t\t\t<p><a href=\"mailto:info@praxis-medica.de\">info@praxis-medica.de<\/a><br \/><a href=\"tel:+49 176 320 936 68\">+49 176 320 936 68<\/a><\/p>\t\t\t\t\t\t\t\t<\/div>\n\t\t\t\t<\/div>\n\t\t<div class=\"elementor-element elementor-element-44a1b0c e-con-full e-flex e-con e-child\" data-id=\"44a1b0c\" data-element_type=\"container\">\n\t\t\t\t<div class=\"elementor-element elementor-element-61b20a1 elementor-widget elementor-widget-heading\" data-id=\"61b20a1\" data-element_type=\"widget\" data-widget_type=\"heading.default\">\n\t\t\t\t\t<h3 class=\"elementor-heading-title elementor-size-default\">Adresse<\/h3>\t\t\t\t<\/div>\n\t\t\t\t<div class=\"elementor-element elementor-element-f12afba elementor-widget elementor-widget-text-editor\" data-id=\"f12afba\" data-element_type=\"widget\" data-widget_type=\"text-editor.default\">\n\t\t\t\t\t\t\t\t\t<p>K\u00f6nigstra\u00dfe 17<br \/>57334 Bad Laasphe<\/p>\t\t\t\t\t\t\t\t<\/div>\n\t\t\t\t<\/div>\n\t\t<div class=\"elementor-element elementor-element-0eb4007 e-con-full e-flex e-con e-child\" data-id=\"0eb4007\" data-element_type=\"container\">\n\t\t\t\t<div class=\"elementor-element elementor-element-b365faf elementor-widget elementor-widget-heading\" data-id=\"b365faf\" data-element_type=\"widget\" data-widget_type=\"heading.default\">\n\t\t\t\t\t<h3 class=\"elementor-heading-title elementor-size-default\">\u00d6ffnungszeiten<\/h3>\t\t\t\t<\/div>\n\t\t\t\t<div class=\"elementor-element elementor-element-713b759 elementor-widget elementor-widget-text-editor\" data-id=\"713b759\" data-element_type=\"widget\" data-widget_type=\"text-editor.default\">\n\t\t\t\t\t\t\t\t\t<p>Mo &#8211; Fr 8:00 &#8211; 13:00<br \/>Di &#8211; Do 14:00 &#8211; 19:00<\/p>\t\t\t\t\t\t\t\t<\/div>\n\t\t\t\t<\/div>\n\t\t\t\t<\/div>\n\t\t<div class=\"elementor-element elementor-element-80f432e e-con-full e-flex e-con e-child\" data-id=\"80f432e\" data-element_type=\"container\" data-settings=\"{&quot;background_background&quot;:&quot;classic&quot;}\">\n\t\t\t\t<div class=\"elementor-element elementor-element-ce34099 elementor-icon-list--layout-traditional elementor-list-item-link-full_width elementor-widget elementor-widget-icon-list\" data-id=\"ce34099\" data-element_type=\"widget\" data-widget_type=\"icon-list.default\">\n\t\t\t\t\t\t\t<ul class=\"elementor-icon-list-items\">\n\t\t\t\t\t\t\t<li class=\"elementor-icon-list-item\">\n\t\t\t\t\t\t\t\t\t\t\t<span class=\"elementor-icon-list-icon\">\n\t\t\t\t\t\t\t<svg aria-hidden=\"true\" class=\"e-font-icon-svg e-fab-whatsapp\" viewBox=\"0 0 448 512\" xmlns=\"http:\/\/www.w3.org\/2000\/svg\"><path d=\"M380.9 97.1C339 55.1 283.2 32 223.9 32c-122.4 0-222 99.6-222 222 0 39.1 10.2 77.3 29.6 111L0 480l117.7-30.9c32.4 17.7 68.9 27 106.1 27h.1c122.3 0 224.1-99.6 224.1-222 0-59.3-25.2-115-67.1-157zm-157 341.6c-33.2 0-65.7-8.9-94-25.7l-6.7-4-69.8 18.3L72 359.2l-4.4-7c-18.5-29.4-28.2-63.3-28.2-98.2 0-101.7 82.8-184.5 184.6-184.5 49.3 0 95.6 19.2 130.4 54.1 34.8 34.9 56.2 81.2 56.1 130.5 0 101.8-84.9 184.6-186.6 184.6zm101.2-138.2c-5.5-2.8-32.8-16.2-37.9-18-5.1-1.9-8.8-2.8-12.5 2.8-3.7 5.6-14.3 18-17.6 21.8-3.2 3.7-6.5 4.2-12 1.4-32.6-16.3-54-29.1-75.5-66-5.7-9.8 5.7-9.1 16.3-30.3 1.8-3.7.9-6.9-.5-9.7-1.4-2.8-12.5-30.1-17.1-41.2-4.5-10.8-9.1-9.3-12.5-9.5-3.2-.2-6.9-.2-10.6-.2-3.7 0-9.7 1.4-14.8 6.9-5.1 5.6-19.4 19-19.4 46.3 0 27.3 19.9 53.7 22.6 57.4 2.8 3.7 39.1 59.7 94.8 83.8 35.2 15.2 49 16.5 66.6 13.9 10.7-1.6 32.8-13.4 37.4-26.4 4.6-13 4.6-24.1 3.2-26.4-1.3-2.5-5-3.9-10.5-6.6z\"><\/path><\/svg>\t\t\t\t\t\t<\/span>\n\t\t\t\t\t\t\t\t\t\t<span class=\"elementor-icon-list-text\">Kontakt per WhatsApp<\/span>\n\t\t\t\t\t\t\t\t\t<\/li>\n\t\t\t\t\t\t<\/ul>\n\t\t\t\t\t\t<\/div>\n\t\t\t\t<div class=\"elementor-element elementor-element-6c07541 elementor-widget elementor-widget-button\" data-id=\"6c07541\" data-element_type=\"widget\" data-widget_type=\"button.default\">\n\t\t\t\t\t\t\t\t\t\t<a class=\"elementor-button elementor-button-link elementor-size-sm\" href=\"#\">\n\t\t\t\t\t\t<span class=\"elementor-button-content-wrapper\">\n\t\t\t\t\t\t\t\t\t<span class=\"elementor-button-text\">Nachricht schreiben<\/span>\n\t\t\t\t\t<\/span>\n\t\t\t\t\t<\/a>\n\t\t\t\t\t\t\t\t<\/div>\n\t\t\t\t<\/div>\n\t\t\t\t<div class=\"elementor-element elementor-element-013f519 elementor-button-align-center elementor-widget elementor-widget-form\" data-id=\"013f519\" data-element_type=\"widget\" data-settings=\"{&quot;step_next_label&quot;:&quot;N\\u00e4chster&quot;,&quot;step_previous_label&quot;:&quot;Voriger&quot;,&quot;button_width&quot;:&quot;100&quot;,&quot;step_type&quot;:&quot;number_text&quot;,&quot;step_icon_shape&quot;:&quot;circle&quot;}\" data-widget_type=\"form.default\">\n\t\t\t\t\t\t\t<form class=\"elementor-form\" method=\"post\" name=\"Neues Formular\">\n\t\t\t<input type=\"hidden\" name=\"post_id\" value=\"12\"\/>\n\t\t\t<input type=\"hidden\" name=\"form_id\" value=\"013f519\"\/>\n\t\t\t<input type=\"hidden\" name=\"referer_title\" value=\"\" \/>\n\n\t\t\t\t\t\t\t<input type=\"hidden\" name=\"queried_id\" value=\"12\"\/>\n\t\t\t\n\t\t\t<div class=\"elementor-form-fields-wrapper elementor-labels-above\">\n\t\t\t\t\t\t\t\t<div class=\"elementor-field-type-text elementor-field-group elementor-column elementor-field-group-field_ad2dd02 elementor-col-33 elementor-field-required elementor-mark-required\">\n\t\t\t\t\t\t\t\t\t\t\t\t<label for=\"form-field-field_ad2dd02\" class=\"elementor-field-label\">\n\t\t\t\t\t\t\t\tName\t\t\t\t\t\t\t<\/label>\n\t\t\t\t\t\t\t\t\t\t\t\t\t\t<input size=\"1\" type=\"text\" name=\"form_fields[field_ad2dd02]\" id=\"form-field-field_ad2dd02\" class=\"elementor-field elementor-size-sm  elementor-field-textual\" required=\"required\">\n\t\t\t\t\t\t\t\t\t\t\t<\/div>\n\t\t\t\t\t\t\t\t<div class=\"elementor-field-type-email elementor-field-group elementor-column elementor-field-group-field_d0eb57f elementor-col-33 elementor-field-required elementor-mark-required\">\n\t\t\t\t\t\t\t\t\t\t\t\t<label for=\"form-field-field_d0eb57f\" class=\"elementor-field-label\">\n\t\t\t\t\t\t\t\tE-Mail-Adresse\t\t\t\t\t\t\t<\/label>\n\t\t\t\t\t\t\t\t\t\t\t\t\t\t<input size=\"1\" type=\"email\" name=\"form_fields[field_d0eb57f]\" id=\"form-field-field_d0eb57f\" class=\"elementor-field elementor-size-sm  elementor-field-textual\" required=\"required\">\n\t\t\t\t\t\t\t\t\t\t\t<\/div>\n\t\t\t\t\t\t\t\t<div class=\"elementor-field-type-tel elementor-field-group elementor-column elementor-field-group-field_483eaa8 elementor-col-33\">\n\t\t\t\t\t\t\t\t\t\t\t\t<label for=\"form-field-field_483eaa8\" class=\"elementor-field-label\">\n\t\t\t\t\t\t\t\tTelefonnummer\t\t\t\t\t\t\t<\/label>\n\t\t\t\t\t\t\t\t<input size=\"1\" type=\"tel\" name=\"form_fields[field_483eaa8]\" id=\"form-field-field_483eaa8\" class=\"elementor-field elementor-size-sm  elementor-field-textual\" pattern=\"[0-9()#&amp;+*-=.]+\" title=\"Nur Nummern oder Telefon-Zeichen (#, -, *, etc) werden akzeptiert.\">\n\n\t\t\t\t\t\t<\/div>\n\t\t\t\t\t\t\t\t<div class=\"elementor-field-type-textarea elementor-field-group elementor-column elementor-field-group-field_0221973 elementor-col-100 elementor-field-required elementor-mark-required\">\n\t\t\t\t\t\t\t\t\t\t\t\t<label for=\"form-field-field_0221973\" class=\"elementor-field-label\">\n\t\t\t\t\t\t\t\tNachricht\t\t\t\t\t\t\t<\/label>\n\t\t\t\t\t\t<textarea class=\"elementor-field-textual elementor-field  elementor-size-sm\" name=\"form_fields[field_0221973]\" id=\"form-field-field_0221973\" rows=\"4\" required=\"required\"><\/textarea>\t\t\t\t<\/div>\n\t\t\t\t\t\t\t\t<div class=\"elementor-field-type-acceptance elementor-field-group elementor-column elementor-field-group-field_0c955a6 elementor-col-100\">\n\t\t\t\t\t\t\t<div class=\"elementor-field-subgroup\">\n\t\t\t<span class=\"elementor-field-option\">\n\t\t\t\t<input type=\"checkbox\" name=\"form_fields[field_0c955a6]\" id=\"form-field-field_0c955a6\" class=\"elementor-field elementor-size-sm  elementor-acceptance-field\">\n\t\t\t\t<label for=\"form-field-field_0c955a6\">Hiermit erkl\u00e4re ich mich damit einverstanden, dass meine Daten im Rahmen der Auftragsverarbeitung verarbeitet werden. Mehr Info in der Datenschutzerkl\u00e4rung<\/label>\t\t\t<\/span>\n\t\t<\/div>\n\t\t\t\t\t\t<\/div>\n\t\t\t\t\t\t\t\t<div class=\"elementor-field-group elementor-column elementor-field-type-submit elementor-col-100 e-form__buttons\">\n\t\t\t\t\t<button class=\"elementor-button elementor-size-sm\" type=\"submit\">\n\t\t\t\t\t\t<span class=\"elementor-button-content-wrapper\">\n\t\t\t\t\t\t\t\t\t\t\t\t\t\t\t\t\t\t\t\t\t\t<span class=\"elementor-button-text\">Absenden<\/span>\n\t\t\t\t\t\t\t\t\t\t\t\t\t<\/span>\n\t\t\t\t\t<\/button>\n\t\t\t\t<\/div>\n\t\t\t<\/div>\n\t\t<\/form>\n\t\t\t\t\t\t<\/div>\n\t\t\t\t\t<\/div>\n\t\t\t\t<\/div>\n\t\t\t\t<\/div>\n\t\t","protected":false},"excerpt":{"rendered":"<p>Weil Gesundheit kein R\u00e4stel bleiben darf. Manche Beschwerden lassen sich nicht in f\u00fcnf Minuten kl\u00e4ren \u2013 und genau hier setzt meine Arbeit an. Zusammen gehen wir den Ursachen auf den Grund, mit Verstand und einem systematischen Blick auf den ganzen Menschen.Gemeinsam finden wir Antworten \u2013 und den passenden Weg zur Heilung. Sie ben\u00f6tigen einen Termin? [&hellip;]<\/p>\n","protected":false},"author":2,"featured_media":0,"parent":0,"menu_order":0,"comment_status":"closed","ping_status":"closed","template":"elementor_header_footer","meta":{"footnotes":""},"class_list":["post-12","page","type-page","status-publish","hentry"],"_links":{"self":[{"href":"https:\/\/laughing-swanson.91-200-103-154.plesk.page\/index.php?rest_route=\/wp\/v2\/pages\/12","targetHints":{"allow":["GET"]}}],"collection":[{"href":"https:\/\/laughing-swanson.91-200-103-154.plesk.page\/index.php?rest_route=\/wp\/v2\/pages"}],"about":[{"href":"https:\/\/laughing-swanson.91-200-103-154.plesk.page\/index.php?rest_route=\/wp\/v2\/types\/page"}],"author":[{"embeddable":true,"href":"https:\/\/laughing-swanson.91-200-103-154.plesk.page\/index.php?rest_route=\/wp\/v2\/users\/2"}],"replies":[{"embeddable":true,"href":"https:\/\/laughing-swanson.91-200-103-154.plesk.page\/index.php?rest_route=%2Fwp%2Fv2%2Fcomments&post=12"}],"version-history":[{"count":518,"href":"https:\/\/laughing-swanson.91-200-103-154.plesk.page\/index.php?rest_route=\/wp\/v2\/pages\/12\/revisions"}],"predecessor-version":[{"id":1643,"href":"https:\/\/laughing-swanson.91-200-103-154.plesk.page\/index.php?rest_route=\/wp\/v2\/pages\/12\/revisions\/1643"}],"wp:attachment":[{"href":"https:\/\/laughing-swanson.91-200-103-154.plesk.page\/index.php?rest_route=%2Fwp%2Fv2%2Fmedia&parent=12"}],"curies":[{"name":"wp","href":"https:\/\/api.w.org\/{rel}","templated":true}]}}