{"id":25,"date":"2025-07-07T09:17:13","date_gmt":"2025-07-07T09:17:13","guid":{"rendered":"https:\/\/laughing-swanson.91-200-103-154.plesk.page\/?page_id=25"},"modified":"2025-09-04T14:59:11","modified_gmt":"2025-09-04T14:59:11","slug":"kosten","status":"publish","type":"page","link":"https:\/\/laughing-swanson.91-200-103-154.plesk.page\/?page_id=25","title":{"rendered":"Kosten"},"content":{"rendered":"\t\t<div data-elementor-type=\"wp-page\" data-elementor-id=\"25\" class=\"elementor elementor-25\" data-elementor-post-type=\"page\">\n\t\t\t\t<div class=\"elementor-element elementor-element-d8a1ae7 e-con-full e-grid e-con e-parent\" data-id=\"d8a1ae7\" data-element_type=\"container\" data-settings=\"{&quot;background_background&quot;:&quot;classic&quot;}\">\n\t\t\t\t<div class=\"elementor-element elementor-element-0e6be3b elementor-widget elementor-widget-heading\" data-id=\"0e6be3b\" data-element_type=\"widget\" data-widget_type=\"heading.default\">\n\t\t\t\t\t<h1 class=\"elementor-heading-title elementor-size-default\">Kosten&amp;shy\u00fcbernahme &amp; Stunden&amp;shysatz<\/h1>\t\t\t\t<\/div>\n\t\t<div class=\"elementor-element elementor-element-064ecb1 e-flex e-con-boxed e-con e-child\" data-id=\"064ecb1\" data-element_type=\"container\">\n\t\t\t\t\t<div class=\"e-con-inner\">\n\t\t<div class=\"elementor-element elementor-element-0c7f4c1 e-con-full e-flex e-con e-child\" data-id=\"0c7f4c1\" data-element_type=\"container\">\n\t\t\t\t<div class=\"elementor-element elementor-element-7a02959 elementor-widget elementor-widget-heading\" data-id=\"7a02959\" data-element_type=\"widget\" data-widget_type=\"heading.default\">\n\t\t\t\t\t<h2 class=\"elementor-heading-title elementor-size-default\">Kosten\u00fcbernahme von Heilpraktikerleistungen<\/h2>\t\t\t\t<\/div>\n\t\t\t\t<div class=\"elementor-element elementor-element-282182b elementor-widget elementor-widget-text-editor\" data-id=\"282182b\" data-element_type=\"widget\" data-widget_type=\"text-editor.default\">\n\t\t\t\t\t\t\t\t\t<p>Heilpraktikerleistungen sind private Leistungen. Die Erstattung der Kosten durch Ihre Krankenversicherung h\u00e4ngt von Ihrem individuellen Versicherungstarif ab.<br \/>Sie k\u00f6nnen Ihre Behandlung bequem vor Ort per Karte bezahlen oder von Zuhause aus per \u00dcberweisung.<\/p>\t\t\t\t\t\t\t\t<\/div>\n\t\t\t\t<\/div>\n\t\t<div class=\"elementor-element elementor-element-5c336a3 e-con-full e-flex e-con e-child\" data-id=\"5c336a3\" data-element_type=\"container\">\n\t\t\t\t<div class=\"elementor-element elementor-element-ea72a8f elementor-widget elementor-widget-heading\" data-id=\"ea72a8f\" data-element_type=\"widget\" data-widget_type=\"heading.default\">\n\t\t\t\t\t<h2 class=\"elementor-heading-title elementor-size-default\">Gesetzlich versicherte Patientinnen und Patienten <\/h2>\t\t\t\t<\/div>\n\t\t\t\t<div class=\"elementor-element elementor-element-f784e08 elementor-widget elementor-widget-text-editor\" data-id=\"f784e08\" data-element_type=\"widget\" data-widget_type=\"text-editor.default\">\n\t\t\t\t\t\t\t\t\t<p>Die gesetzlichen Krankenkassen \u00fcbernehmen in der Regel keine Kosten f\u00fcr Heilpraktikerbehandlungen. Bitte kl\u00e4ren Sie die genauen Leistungen direkt mit Ihrer Krankenkasse.<\/p><p>Sollten Sie eine Zusatzversicherung f\u00fcr Heilpraktikerleistungen besitzen, \u00fcbernimmt diese h\u00e4ufig die Behandlungskosten \u2013 auch hier empfiehlt sich eine vorherige R\u00fcckfrage bei Ihrer Versicherung.<\/p>\t\t\t\t\t\t\t\t<\/div>\n\t\t\t\t<\/div>\n\t\t<div class=\"elementor-element elementor-element-423be0c e-con-full e-flex e-con e-child\" data-id=\"423be0c\" data-element_type=\"container\">\n\t\t\t\t<div class=\"elementor-element elementor-element-179c770 elementor-widget elementor-widget-heading\" data-id=\"179c770\" data-element_type=\"widget\" data-widget_type=\"heading.default\">\n\t\t\t\t\t<h2 class=\"elementor-heading-title elementor-size-default\">Privat versicherte Patientinnen und Patienten <\/h2>\t\t\t\t<\/div>\n\t\t\t\t<div class=\"elementor-element elementor-element-d7dc3b0 elementor-widget elementor-widget-text-editor\" data-id=\"d7dc3b0\" data-element_type=\"widget\" data-widget_type=\"text-editor.default\">\n\t\t\t\t\t\t\t\t\t<p>Viele private Krankenversicherungen \u00fcbernehmen die Kosten f\u00fcr Heilpraktikerbehandlungen. Bitte informieren Sie sich vor Behandlungsbeginn bei Ihrer Versicherung \u00fcber die genauen Bedingungen zur Kosten\u00fcbernahme.<\/p>\t\t\t\t\t\t\t\t<\/div>\n\t\t\t\t<\/div>\n\t\t\t\t\t<\/div>\n\t\t\t\t<\/div>\n\t\t\t\t<\/div>\n\t\t<div class=\"elementor-element elementor-element-381e700 e-flex e-con-boxed e-con e-parent\" data-id=\"381e700\" data-element_type=\"container\">\n\t\t\t\t\t<div class=\"e-con-inner\">\n\t\t\t\t<div class=\"elementor-element elementor-element-f233318 elementor-widget elementor-widget-text-editor\" data-id=\"f233318\" data-element_type=\"widget\" data-widget_type=\"text-editor.default\">\n\t\t\t\t\t\t\t\t\t<p>Telefonisches Erstgespr\u00e4ch &#8211; 10-15 Minuten<\/p><ul><li>Das telefonische Erstgespr\u00e4ch zur Kl\u00e4rung der gemeinsamen Zusammenarbeit ist <strong><em>kostenfrei.<\/em><\/strong><\/li><\/ul>\t\t\t\t\t\t\t\t<\/div>\n\t\t\t\t<div class=\"elementor-element elementor-element-5cfc9dc elementor-widget-divider--view-line elementor-widget elementor-widget-divider\" data-id=\"5cfc9dc\" data-element_type=\"widget\" data-widget_type=\"divider.default\">\n\t\t\t\t\t\t\t<div class=\"elementor-divider\">\n\t\t\t<span class=\"elementor-divider-separator\">\n\t\t\t\t\t\t<\/span>\n\t\t<\/div>\n\t\t\t\t\t\t<\/div>\n\t\t\t\t<div class=\"elementor-element elementor-element-40c244e elementor-widget elementor-widget-text-editor\" data-id=\"40c244e\" data-element_type=\"widget\" data-widget_type=\"text-editor.default\">\n\t\t\t\t\t\t\t\t\t<p>Umfangreiches Check-Up 60-90 Minuten<\/p><ul><li>Die Umfangreiche Check-Up Untersuchung berechne ich pauschal mit 100\u20ac<\/li><\/ul>\t\t\t\t\t\t\t\t<\/div>\n\t\t\t\t<div class=\"elementor-element elementor-element-234b572 elementor-widget-divider--view-line elementor-widget elementor-widget-divider\" data-id=\"234b572\" data-element_type=\"widget\" data-widget_type=\"divider.default\">\n\t\t\t\t\t\t\t<div class=\"elementor-divider\">\n\t\t\t<span class=\"elementor-divider-separator\">\n\t\t\t\t\t\t<\/span>\n\t\t<\/div>\n\t\t\t\t\t\t<\/div>\n\t\t\t\t<div class=\"elementor-element elementor-element-a9facaa elementor-widget elementor-widget-text-editor\" data-id=\"a9facaa\" data-element_type=\"widget\" data-widget_type=\"text-editor.default\">\n\t\t\t\t\t\t\t\t\t<p>Standard Stundensatz<\/p><ul><li>Der normale Stundensatz betr\u00e4gt 80\u20ac, abgerechnet werden immer 30 Minuten zu je 40\u20ac<\/li><\/ul>\t\t\t\t\t\t\t\t<\/div>\n\t\t\t\t<div class=\"elementor-element elementor-element-cbe5262 elementor-widget-divider--view-line elementor-widget elementor-widget-divider\" data-id=\"cbe5262\" data-element_type=\"widget\" data-widget_type=\"divider.default\">\n\t\t\t\t\t\t\t<div class=\"elementor-divider\">\n\t\t\t<span class=\"elementor-divider-separator\">\n\t\t\t\t\t\t<\/span>\n\t\t<\/div>\n\t\t\t\t\t\t<\/div>\n\t\t\t\t<div class=\"elementor-element elementor-element-62dc641 elementor-widget elementor-widget-text-editor\" data-id=\"62dc641\" data-element_type=\"widget\" data-widget_type=\"text-editor.default\">\n\t\t\t\t\t\t\t\t\t<p>Labor<\/p><ul><li>Falls Kosten f\u00fcr Laboruntersuchungen notwendig werden, werden diese direkt mit Ihnen und dem Labor abgerechnet.<\/li><\/ul>\t\t\t\t\t\t\t\t<\/div>\n\t\t\t\t<div class=\"elementor-element elementor-element-37b2d17 elementor-widget-divider--view-line elementor-widget elementor-widget-divider\" data-id=\"37b2d17\" data-element_type=\"widget\" data-widget_type=\"divider.default\">\n\t\t\t\t\t\t\t<div class=\"elementor-divider\">\n\t\t\t<span class=\"elementor-divider-separator\">\n\t\t\t\t\t\t<\/span>\n\t\t<\/div>\n\t\t\t\t\t\t<\/div>\n\t\t\t\t<div class=\"elementor-element elementor-element-c3ee332 elementor-widget elementor-widget-text-editor\" data-id=\"c3ee332\" data-element_type=\"widget\" data-widget_type=\"text-editor.default\">\n\t\t\t\t\t\t\t\t\t<p>Terminabsagen<\/p><ul><li>Bitte sagen Sie Termine mindestens 24 Stunden im Voraus ab. Bei kurzfristigen Absagen oder Nichterscheinen wird die volle Zeit in Rechnung gestellt, die f\u00fcr Sie reserviert wurde.<\/li><\/ul>\t\t\t\t\t\t\t\t<\/div>\n\t\t\t\t<div class=\"elementor-element elementor-element-f83711f elementor-widget-divider--view-line elementor-widget elementor-widget-divider\" data-id=\"f83711f\" data-element_type=\"widget\" data-widget_type=\"divider.default\">\n\t\t\t\t\t\t\t<div class=\"elementor-divider\">\n\t\t\t<span class=\"elementor-divider-separator\">\n\t\t\t\t\t\t<\/span>\n\t\t<\/div>\n\t\t\t\t\t\t<\/div>\n\t\t\t\t<div class=\"elementor-element elementor-element-dab3ec6 elementor-widget elementor-widget-text-editor\" data-id=\"dab3ec6\" data-element_type=\"widget\" data-widget_type=\"text-editor.default\">\n\t\t\t\t\t\t\t\t\t<p>Die genaue Einsch\u00e4tzung der Behandlungskosten erfolgt immer nach der Erstuntersuchung. Dabei ist es mir wichtig, dass Sie stets vorab \u00fcber alle Kosten informiert werden &#8211; bei mir gibt es keine intransparenten Rechnungen.<\/p>\t\t\t\t\t\t\t\t<\/div>\n\t\t\t\t\t<\/div>\n\t\t\t\t<\/div>\n\t\t\t\t<\/div>\n\t\t","protected":false},"excerpt":{"rendered":"<p>Kosten&amp;shy\u00fcbernahme &amp; Stunden&amp;shysatz Kosten\u00fcbernahme von Heilpraktikerleistungen Heilpraktikerleistungen sind private Leistungen. Die Erstattung der Kosten durch Ihre Krankenversicherung h\u00e4ngt von Ihrem individuellen Versicherungstarif ab.Sie k\u00f6nnen Ihre Behandlung bequem vor Ort per Karte bezahlen oder von Zuhause aus per \u00dcberweisung. Gesetzlich versicherte Patientinnen und Patienten Die gesetzlichen Krankenkassen \u00fcbernehmen in der Regel keine Kosten f\u00fcr Heilpraktikerbehandlungen. Bitte [&hellip;]<\/p>\n","protected":false},"author":2,"featured_media":0,"parent":0,"menu_order":0,"comment_status":"closed","ping_status":"closed","template":"elementor_header_footer","meta":{"footnotes":""},"class_list":["post-25","page","type-page","status-publish","hentry"],"_links":{"self":[{"href":"https:\/\/laughing-swanson.91-200-103-154.plesk.page\/index.php?rest_route=\/wp\/v2\/pages\/25","targetHints":{"allow":["GET"]}}],"collection":[{"href":"https:\/\/laughing-swanson.91-200-103-154.plesk.page\/index.php?rest_route=\/wp\/v2\/pages"}],"about":[{"href":"https:\/\/laughing-swanson.91-200-103-154.plesk.page\/index.php?rest_route=\/wp\/v2\/types\/page"}],"author":[{"embeddable":true,"href":"https:\/\/laughing-swanson.91-200-103-154.plesk.page\/index.php?rest_route=\/wp\/v2\/users\/2"}],"replies":[{"embeddable":true,"href":"https:\/\/laughing-swanson.91-200-103-154.plesk.page\/index.php?rest_route=%2Fwp%2Fv2%2Fcomments&post=25"}],"version-history":[{"count":124,"href":"https:\/\/laughing-swanson.91-200-103-154.plesk.page\/index.php?rest_route=\/wp\/v2\/pages\/25\/revisions"}],"predecessor-version":[{"id":1646,"href":"https:\/\/laughing-swanson.91-200-103-154.plesk.page\/index.php?rest_route=\/wp\/v2\/pages\/25\/revisions\/1646"}],"wp:attachment":[{"href":"https:\/\/laughing-swanson.91-200-103-154.plesk.page\/index.php?rest_route=%2Fwp%2Fv2%2Fmedia&parent=25"}],"curies":[{"name":"wp","href":"https:\/\/api.w.org\/{rel}","templated":true}]}}