{"id":32,"date":"2025-07-07T09:34:54","date_gmt":"2025-07-07T09:34:54","guid":{"rendered":"https:\/\/laughing-swanson.91-200-103-154.plesk.page\/?page_id=32"},"modified":"2025-09-04T14:37:03","modified_gmt":"2025-09-04T14:37:03","slug":"fuer-aerzte-therapeuten","status":"publish","type":"page","link":"https:\/\/laughing-swanson.91-200-103-154.plesk.page\/?page_id=32","title":{"rendered":"F\u00fcr \u00c4rzte &amp; Therapeuten"},"content":{"rendered":"\t\t<div data-elementor-type=\"wp-page\" data-elementor-id=\"32\" class=\"elementor elementor-32\" data-elementor-post-type=\"page\">\n\t\t\t\t<div class=\"elementor-element elementor-element-de1db02 e-con-full e-flex e-con e-parent\" data-id=\"de1db02\" data-element_type=\"container\" data-settings=\"{&quot;background_background&quot;:&quot;classic&quot;}\">\n\t\t<div class=\"elementor-element elementor-element-48abfa7 e-con-full e-flex e-con e-child\" data-id=\"48abfa7\" data-element_type=\"container\">\n\t\t\t\t<div class=\"elementor-element elementor-element-d350250 elementor-widget elementor-widget-text-editor\" data-id=\"d350250\" data-element_type=\"widget\" data-widget_type=\"text-editor.default\">\n\t\t\t\t\t\t\t\t\t<p><strong>Liebe Kolleginnen und Kollegen,<\/strong><\/p>\t\t\t\t\t\t\t\t<\/div>\n\t\t\t\t<div class=\"elementor-element elementor-element-0a27928 elementor-widget__width-initial elementor-widget elementor-widget-text-editor\" data-id=\"0a27928\" data-element_type=\"widget\" data-widget_type=\"text-editor.default\">\n\t\t\t\t\t\t\t\t\t<p>ich freue mich, dass Sie meine Webseite besuchen. Genauso wie f\u00fcr Sie steht f\u00fcr mich das Wohl unserer Patientinnen und Patienten im Mittelpunkt. Dabei sehe ich unsere T\u00e4tigkeiten nicht als Konkurrenz, sondern als wertvolle Erg\u00e4nzung.<\/p><p>Die Behandlungen sollten Hand in Hand erfolgen, denn \u00c4rzte und Heilpraktiker verf\u00fcgen \u00fcber unterschiedliche M\u00f6glichkeiten, Rechte und Verantwortlichkeiten \u2013 und genau diese Vielfalt kann unseren Patienten zugutekommen.<\/p><p>Sollten Sie Interesse an einer konstruktiven Zusammenarbeit zum Wohle der Patienten haben, freue ich mich sehr auf den Austausch mit Ihnen.<\/p>\t\t\t\t\t\t\t\t<\/div>\n\t\t\t\t<\/div>\n\t\t\t\t<\/div>\n\t\t\t\t<\/div>\n\t\t","protected":false},"excerpt":{"rendered":"<p>Liebe Kolleginnen und Kollegen, ich freue mich, dass Sie meine Webseite besuchen. Genauso wie f\u00fcr Sie steht f\u00fcr mich das Wohl unserer Patientinnen und Patienten im Mittelpunkt. Dabei sehe ich unsere T\u00e4tigkeiten nicht als Konkurrenz, sondern als wertvolle Erg\u00e4nzung. Die Behandlungen sollten Hand in Hand erfolgen, denn \u00c4rzte und Heilpraktiker verf\u00fcgen \u00fcber unterschiedliche M\u00f6glichkeiten, Rechte [&hellip;]<\/p>\n","protected":false},"author":2,"featured_media":0,"parent":0,"menu_order":0,"comment_status":"closed","ping_status":"closed","template":"elementor_header_footer","meta":{"footnotes":""},"class_list":["post-32","page","type-page","status-publish","hentry"],"_links":{"self":[{"href":"https:\/\/laughing-swanson.91-200-103-154.plesk.page\/index.php?rest_route=\/wp\/v2\/pages\/32","targetHints":{"allow":["GET"]}}],"collection":[{"href":"https:\/\/laughing-swanson.91-200-103-154.plesk.page\/index.php?rest_route=\/wp\/v2\/pages"}],"about":[{"href":"https:\/\/laughing-swanson.91-200-103-154.plesk.page\/index.php?rest_route=\/wp\/v2\/types\/page"}],"author":[{"embeddable":true,"href":"https:\/\/laughing-swanson.91-200-103-154.plesk.page\/index.php?rest_route=\/wp\/v2\/users\/2"}],"replies":[{"embeddable":true,"href":"https:\/\/laughing-swanson.91-200-103-154.plesk.page\/index.php?rest_route=%2Fwp%2Fv2%2Fcomments&post=32"}],"version-history":[{"count":190,"href":"https:\/\/laughing-swanson.91-200-103-154.plesk.page\/index.php?rest_route=\/wp\/v2\/pages\/32\/revisions"}],"predecessor-version":[{"id":1619,"href":"https:\/\/laughing-swanson.91-200-103-154.plesk.page\/index.php?rest_route=\/wp\/v2\/pages\/32\/revisions\/1619"}],"wp:attachment":[{"href":"https:\/\/laughing-swanson.91-200-103-154.plesk.page\/index.php?rest_route=%2Fwp%2Fv2%2Fmedia&parent=32"}],"curies":[{"name":"wp","href":"https:\/\/api.w.org\/{rel}","templated":true}]}}