{"id":65,"date":"2025-07-07T10:51:30","date_gmt":"2025-07-07T10:51:30","guid":{"rendered":"https:\/\/laughing-swanson.91-200-103-154.plesk.page\/?page_id=65"},"modified":"2025-09-04T15:00:39","modified_gmt":"2025-09-04T15:00:39","slug":"termine","status":"publish","type":"page","link":"https:\/\/laughing-swanson.91-200-103-154.plesk.page\/?page_id=65","title":{"rendered":"Termine"},"content":{"rendered":"\t\t<div data-elementor-type=\"wp-page\" data-elementor-id=\"65\" class=\"elementor elementor-65\" data-elementor-post-type=\"page\">\n\t\t\t\t<div class=\"elementor-element elementor-element-39162c0 e-con-full e-flex e-con e-parent\" data-id=\"39162c0\" data-element_type=\"container\">\n\t\t<div class=\"elementor-element elementor-element-324f3f0 e-con-full e-flex e-con e-child\" data-id=\"324f3f0\" data-element_type=\"container\">\n\t\t\t\t<div class=\"elementor-element elementor-element-776700c elementor-widget elementor-widget-image\" data-id=\"776700c\" data-element_type=\"widget\" data-widget_type=\"image.default\">\n\t\t\t\t\t\t\t\t\t\t\t\t\t\t\t<img decoding=\"async\" src=\"https:\/\/laughing-swanson.91-200-103-154.plesk.page\/wp-content\/uploads\/2025\/07\/AdobeStock_226230719-scaled.jpeg\" title=\"M\u00e4nnliches und weibliches Akupunkturmodell vor weissem Hintergrund mit gr\u00fcnen Bl\u00e4ttern im Vordergrund\" alt=\"M\u00e4nnliches und weibliches Akupunkturmodell vor weissem Hintergrund mit gr\u00fcnen Bl\u00e4ttern im Vordergrund\" loading=\"lazy\" \/>\t\t\t\t\t\t\t\t\t\t\t\t\t\t\t<\/div>\n\t\t\t\t<\/div>\n\t\t<div class=\"elementor-element elementor-element-87ffb31 e-con-full e-flex e-con e-child\" data-id=\"87ffb31\" data-element_type=\"container\">\n\t\t<div class=\"elementor-element elementor-element-b140eb3 e-con-full e-flex e-con e-child\" data-id=\"b140eb3\" data-element_type=\"container\">\n\t\t\t\t<div class=\"elementor-element elementor-element-e81c83b elementor-widget elementor-widget-text-editor\" data-id=\"e81c83b\" data-element_type=\"widget\" data-widget_type=\"text-editor.default\">\n\t\t\t\t\t\t\t\t\t<p>Termine<\/p>\t\t\t\t\t\t\t\t<\/div>\n\t\t\t\t<div class=\"elementor-element elementor-element-50be2a1 elementor-widget__width-initial elementor-widget elementor-widget-text-editor\" data-id=\"50be2a1\" data-element_type=\"widget\" data-widget_type=\"text-editor.default\">\n\t\t\t\t\t\t\t\t\t<p>Keine Zeit anzurufen? Kein Problem &#8211; hier k\u00f6nnen Sie Termin direkt auf meiner Webseite buchen &#8211; ganz ohne einschr\u00e4nkende B\u00fcro- oder \u00d6ffnungzeiten!<\/p>\t\t\t\t\t\t\t\t<\/div>\n\t\t\t\t<div class=\"elementor-element elementor-element-440ab3c elementor-widget elementor-widget-button\" data-id=\"440ab3c\" data-element_type=\"widget\" data-widget_type=\"button.default\">\n\t\t\t\t\t\t\t\t\t\t<a class=\"elementor-button elementor-button-link elementor-size-sm\" href=\"#\">\n\t\t\t\t\t\t<span class=\"elementor-button-content-wrapper\">\n\t\t\t\t\t\t\t\t\t<span class=\"elementor-button-text\">Jetzt buchen<\/span>\n\t\t\t\t\t<\/span>\n\t\t\t\t\t<\/a>\n\t\t\t\t\t\t\t\t<\/div>\n\t\t\t\t<\/div>\n\t\t\t\t<\/div>\n\t\t\t\t<\/div>\n\t\t\t\t<\/div>\n\t\t","protected":false},"excerpt":{"rendered":"<p>Termine Keine Zeit anzurufen? Kein Problem &#8211; hier k\u00f6nnen Sie Termin direkt auf meiner Webseite buchen &#8211; ganz ohne einschr\u00e4nkende B\u00fcro- oder \u00d6ffnungzeiten! Jetzt buchen<\/p>\n","protected":false},"author":2,"featured_media":0,"parent":0,"menu_order":0,"comment_status":"closed","ping_status":"closed","template":"elementor_header_footer","meta":{"footnotes":""},"class_list":["post-65","page","type-page","status-publish","hentry"],"_links":{"self":[{"href":"https:\/\/laughing-swanson.91-200-103-154.plesk.page\/index.php?rest_route=\/wp\/v2\/pages\/65","targetHints":{"allow":["GET"]}}],"collection":[{"href":"https:\/\/laughing-swanson.91-200-103-154.plesk.page\/index.php?rest_route=\/wp\/v2\/pages"}],"about":[{"href":"https:\/\/laughing-swanson.91-200-103-154.plesk.page\/index.php?rest_route=\/wp\/v2\/types\/page"}],"author":[{"embeddable":true,"href":"https:\/\/laughing-swanson.91-200-103-154.plesk.page\/index.php?rest_route=\/wp\/v2\/users\/2"}],"replies":[{"embeddable":true,"href":"https:\/\/laughing-swanson.91-200-103-154.plesk.page\/index.php?rest_route=%2Fwp%2Fv2%2Fcomments&post=65"}],"version-history":[{"count":175,"href":"https:\/\/laughing-swanson.91-200-103-154.plesk.page\/index.php?rest_route=\/wp\/v2\/pages\/65\/revisions"}],"predecessor-version":[{"id":1649,"href":"https:\/\/laughing-swanson.91-200-103-154.plesk.page\/index.php?rest_route=\/wp\/v2\/pages\/65\/revisions\/1649"}],"wp:attachment":[{"href":"https:\/\/laughing-swanson.91-200-103-154.plesk.page\/index.php?rest_route=%2Fwp%2Fv2%2Fmedia&parent=65"}],"curies":[{"name":"wp","href":"https:\/\/api.w.org\/{rel}","templated":true}]}}